{"id":1016,"date":"2023-04-30T20:59:47","date_gmt":"2023-04-30T20:59:47","guid":{"rendered":"https:\/\/tavernaki.co.rs\/?page_id=1016"},"modified":"2023-07-04T15:51:01","modified_gmt":"2023-07-04T15:51:01","slug":"fastfood-giros-beograd","status":"publish","type":"page","link":"https:\/\/tavernaki.co.rs\/index.php\/fastfood-giros-beograd\/","title":{"rendered":"Na\u0161a manufaktura"},"content":{"rendered":"\t\t<div data-elementor-type=\"wp-page\" data-elementor-id=\"1016\" class=\"elementor elementor-1016\">\n\t\t\t\t\t\t<section class=\"elementor-section elementor-top-section elementor-element elementor-element-8bed786 elementor-section-full_width elementor-section-height-min-height elementor-section-content-middle elementor-section-stretched elementor-section-height-default elementor-section-items-middle\" data-id=\"8bed786\" data-element_type=\"section\" data-e-type=\"section\" data-settings=\"{&quot;stretch_section&quot;:&quot;section-stretched&quot;,&quot;background_background&quot;:&quot;classic&quot;}\">\n\t\t\t\t\t\t<div class=\"elementor-container elementor-column-gap-no\">\n\t\t\t\t\t<div class=\"elementor-column elementor-col-100 elementor-top-column elementor-element elementor-element-0233097\" data-id=\"0233097\" data-element_type=\"column\" data-e-type=\"column\">\n\t\t\t<div class=\"elementor-widget-wrap elementor-element-populated\">\n\t\t\t\t\t\t\t<\/div>\n\t\t<\/div>\n\t\t\t\t\t<\/div>\n\t\t<\/section>\n\t\t\t\t<section class=\"elementor-section elementor-top-section elementor-element elementor-element-9748daf elementor-section-boxed elementor-section-height-default elementor-section-height-default\" data-id=\"9748daf\" data-element_type=\"section\" data-e-type=\"section\">\n\t\t\t\t\t\t<div class=\"elementor-container elementor-column-gap-default\">\n\t\t\t\t\t<div class=\"elementor-column elementor-col-100 elementor-top-column elementor-element elementor-element-9403a12\" data-id=\"9403a12\" data-element_type=\"column\" data-e-type=\"column\">\n\t\t\t<div class=\"elementor-widget-wrap elementor-element-populated\">\n\t\t\t\t\t\t<div class=\"elementor-element elementor-element-e4d473f elementor-widget elementor-widget-heading\" data-id=\"e4d473f\" data-element_type=\"widget\" data-e-type=\"widget\" data-widget_type=\"heading.default\">\n\t\t\t\t<div class=\"elementor-widget-container\">\n\t\t\t\t\t<h2 class=\"elementor-heading-title elementor-size-xxl\">Pite<\/h2>\t\t\t\t<\/div>\n\t\t\t\t<\/div>\n\t\t\t\t<div class=\"elementor-element elementor-element-a5dc3bb elementor-widget-divider--view-line elementor-widget elementor-widget-divider\" data-id=\"a5dc3bb\" data-element_type=\"widget\" data-e-type=\"widget\" data-widget_type=\"divider.default\">\n\t\t\t\t<div class=\"elementor-widget-container\">\n\t\t\t\t\t\t\t<div class=\"elementor-divider\">\n\t\t\t<span class=\"elementor-divider-separator\">\n\t\t\t\t\t\t<\/span>\n\t\t<\/div>\n\t\t\t\t\t\t<\/div>\n\t\t\t\t<\/div>\n\t\t\t\t\t<\/div>\n\t\t<\/div>\n\t\t\t\t\t<\/div>\n\t\t<\/section>\n\t\t\t\t<section class=\"elementor-section elementor-top-section elementor-element elementor-element-12fa3f8 elementor-section-boxed elementor-section-height-default elementor-section-height-default\" data-id=\"12fa3f8\" data-element_type=\"section\" data-e-type=\"section\">\n\t\t\t\t\t\t<div class=\"elementor-container elementor-column-gap-default\">\n\t\t\t\t\t<div class=\"elementor-column elementor-col-50 elementor-top-column elementor-element elementor-element-efc2d23\" data-id=\"efc2d23\" data-element_type=\"column\" data-e-type=\"column\">\n\t\t\t<div class=\"elementor-widget-wrap elementor-element-populated\">\n\t\t\t\t\t\t<div class=\"elementor-element elementor-element-68ebd5f elementor-drop-cap-yes elementor-drop-cap-view-framed elementor-widget elementor-widget-text-editor\" data-id=\"68ebd5f\" data-element_type=\"widget\" data-e-type=\"widget\" data-settings=\"{&quot;drop_cap&quot;:&quot;yes&quot;}\" data-widget_type=\"text-editor.default\">\n\t\t\t\t<div class=\"elementor-widget-container\">\n\t\t\t\t\t\t\t\t\t<p>Dobrodo\u0161li u na\u0161u malu manufakturu giros pita, gde svaki zalogaj nosi du\u0161u i strast. Ru\u010dno pravimo svaku pitu s ljubavlju i pa\u017enjom, koriste\u0107i na\u0161e sopstveno pripremljeno giros meso koje odi\u0161e bogatstvom za\u010dina. Svaki ugriz otkriva savr\u0161en sklad hrskavog testa i so\u010dnog mesa, pru\u017eaju\u0107i vam pravu gastro \u010daroliju. Na\u0161a manufaktura je mesto gde se tradicija i stru\u010dnost stapaju, stvaraju\u0107i neodoljive gastronomske u\u017eitke koji \u0107e vas dirnuti u srce. Do\u0111ite i otkrijte \u010daroliju na\u0161ih giros pita koje su plod na\u0161e predanosti i posve\u0107enosti da vam pru\u017eimo najbolje. Prepustite se ovom ukusnom putovanju, gde se svaki zalogaj pretvara u iskustvo koje \u0107ete zauvek pamtiti.<\/p>\t\t\t\t\t\t\t\t<\/div>\n\t\t\t\t<\/div>\n\t\t\t\t\t<\/div>\n\t\t<\/div>\n\t\t\t\t<div class=\"elementor-column elementor-col-50 elementor-top-column elementor-element elementor-element-b81c600\" data-id=\"b81c600\" data-element_type=\"column\" data-e-type=\"column\">\n\t\t\t<div class=\"elementor-widget-wrap elementor-element-populated\">\n\t\t\t\t\t\t<div class=\"elementor-element elementor-element-34d68f9 elementor-widget__width-initial elementor-widget elementor-widget-image\" data-id=\"34d68f9\" data-element_type=\"widget\" data-e-type=\"widget\" data-widget_type=\"image.default\">\n\t\t\t\t<div class=\"elementor-widget-container\">\n\t\t\t\t\t\t\t\t\t\t\t\t\t\t\t<img fetchpriority=\"high\" decoding=\"async\" width=\"1024\" height=\"576\" src=\"https:\/\/tavernaki.co.rs\/wp-content\/uploads\/2023\/04\/Grcka-pita-1-1024x576.jpg\" class=\"attachment-large size-large wp-image-1030\" alt=\"galerija grcka pita\" srcset=\"https:\/\/tavernaki.co.rs\/wp-content\/uploads\/2023\/04\/Grcka-pita-1-1024x576.jpg 1024w, https:\/\/tavernaki.co.rs\/wp-content\/uploads\/2023\/04\/Grcka-pita-1-300x169.jpg 300w, https:\/\/tavernaki.co.rs\/wp-content\/uploads\/2023\/04\/Grcka-pita-1-768x432.jpg 768w, https:\/\/tavernaki.co.rs\/wp-content\/uploads\/2023\/04\/Grcka-pita-1-1536x864.jpg 1536w, https:\/\/tavernaki.co.rs\/wp-content\/uploads\/2023\/04\/Grcka-pita-1-2048x1152.jpg 2048w, https:\/\/tavernaki.co.rs\/wp-content\/uploads\/2023\/04\/Grcka-pita-1-800x450.jpg 800w\" sizes=\"(max-width: 1024px) 100vw, 1024px\" \/>\t\t\t\t\t\t\t\t\t\t\t\t\t\t\t<\/div>\n\t\t\t\t<\/div>\n\t\t\t\t<div class=\"elementor-element elementor-element-0b9c0c7 elementor-widget elementor-widget-spacer\" data-id=\"0b9c0c7\" data-element_type=\"widget\" data-e-type=\"widget\" data-widget_type=\"spacer.default\">\n\t\t\t\t<div class=\"elementor-widget-container\">\n\t\t\t\t\t\t\t<div class=\"elementor-spacer\">\n\t\t\t<div class=\"elementor-spacer-inner\"><\/div>\n\t\t<\/div>\n\t\t\t\t\t\t<\/div>\n\t\t\t\t<\/div>\n\t\t\t\t\t<\/div>\n\t\t<\/div>\n\t\t\t\t\t<\/div>\n\t\t<\/section>\n\t\t\t\t<section class=\"elementor-section elementor-top-section elementor-element elementor-element-6145e95 elementor-section-boxed elementor-section-height-default elementor-section-height-default\" data-id=\"6145e95\" data-element_type=\"section\" data-e-type=\"section\">\n\t\t\t\t\t\t<div class=\"elementor-container elementor-column-gap-default\">\n\t\t\t\t\t<div class=\"elementor-column elementor-col-100 elementor-top-column elementor-element elementor-element-8b48d4f\" data-id=\"8b48d4f\" data-element_type=\"column\" data-e-type=\"column\">\n\t\t\t<div class=\"elementor-widget-wrap elementor-element-populated\">\n\t\t\t\t\t\t<div class=\"elementor-element elementor-element-e2bd05c elementor-arrows-position-inside elementor-pagination-position-outside elementor-widget elementor-widget-image-carousel\" data-id=\"e2bd05c\" data-element_type=\"widget\" data-e-type=\"widget\" data-settings=\"{&quot;slides_to_show&quot;:&quot;1&quot;,&quot;navigation&quot;:&quot;both&quot;,&quot;autoplay&quot;:&quot;yes&quot;,&quot;pause_on_hover&quot;:&quot;yes&quot;,&quot;pause_on_interaction&quot;:&quot;yes&quot;,&quot;autoplay_speed&quot;:5000,&quot;infinite&quot;:&quot;yes&quot;,&quot;effect&quot;:&quot;slide&quot;,&quot;speed&quot;:500}\" data-widget_type=\"image-carousel.default\">\n\t\t\t\t<div class=\"elementor-widget-container\">\n\t\t\t\t\t\t\t<div class=\"elementor-image-carousel-wrapper swiper\" role=\"region\" aria-roledescription=\"carousel\" aria-label=\"Image Carousel\" dir=\"ltr\">\n\t\t\t<div class=\"elementor-image-carousel swiper-wrapper\" aria-live=\"off\">\n\t\t\t\t\t\t\t\t<div class=\"swiper-slide\" role=\"group\" aria-roledescription=\"slide\" aria-label=\"1 of 4\"><figure class=\"swiper-slide-inner\"><img decoding=\"async\" class=\"swiper-slide-image\" src=\"https:\/\/tavernaki.co.rs\/wp-content\/uploads\/2023\/05\/IMG-96299308d132097cdcf08010986d5eab-V-768x355.jpg\" alt=\"giros pite\" \/><\/figure><\/div><div class=\"swiper-slide\" role=\"group\" aria-roledescription=\"slide\" aria-label=\"2 of 4\"><figure class=\"swiper-slide-inner\"><img decoding=\"async\" class=\"swiper-slide-image\" src=\"https:\/\/tavernaki.co.rs\/wp-content\/uploads\/2023\/05\/pite2-768x355.png\" alt=\"manufaktura\" \/><\/figure><\/div><div class=\"swiper-slide\" role=\"group\" aria-roledescription=\"slide\" aria-label=\"3 of 4\"><figure class=\"swiper-slide-inner\"><img decoding=\"async\" class=\"swiper-slide-image\" src=\"https:\/\/tavernaki.co.rs\/wp-content\/uploads\/2023\/04\/Grcka-pita-1-768x432.jpg\" alt=\"galerija grcka pita\" \/><\/figure><\/div><div class=\"swiper-slide\" role=\"group\" aria-roledescription=\"slide\" aria-label=\"4 of 4\"><figure class=\"swiper-slide-inner\"><img decoding=\"async\" class=\"swiper-slide-image\" src=\"https:\/\/tavernaki.co.rs\/wp-content\/uploads\/2023\/04\/Pileci-giros-i-megalo-pileci-giros-1-768x432.jpg\" alt=\"galerija pileci giros u beogradu\" \/><\/figure><\/div>\t\t\t<\/div>\n\t\t\t\t\t\t\t\t\t\t\t\t<div class=\"elementor-swiper-button elementor-swiper-button-prev\" role=\"button\" tabindex=\"0\">\n\t\t\t\t\t\t<i aria-hidden=\"true\" class=\"eicon-chevron-left\"><\/i>\t\t\t\t\t<\/div>\n\t\t\t\t\t<div class=\"elementor-swiper-button elementor-swiper-button-next\" role=\"button\" tabindex=\"0\">\n\t\t\t\t\t\t<i aria-hidden=\"true\" class=\"eicon-chevron-right\"><\/i>\t\t\t\t\t<\/div>\n\t\t\t\t\n\t\t\t\t\t\t\t\t\t<div class=\"swiper-pagination\"><\/div>\n\t\t\t\t\t\t\t\t\t<\/div>\n\t\t\t\t\t\t<\/div>\n\t\t\t\t<\/div>\n\t\t\t\t\t<\/div>\n\t\t<\/div>\n\t\t\t\t\t<\/div>\n\t\t<\/section>\n\t\t\t\t<section class=\"elementor-section elementor-top-section elementor-element elementor-element-4598d78 elementor-section-full_width elementor-section-height-min-height elementor-section-content-middle elementor-section-stretched elementor-section-height-default elementor-section-items-middle\" data-id=\"4598d78\" data-element_type=\"section\" data-e-type=\"section\" data-settings=\"{&quot;stretch_section&quot;:&quot;section-stretched&quot;,&quot;background_background&quot;:&quot;classic&quot;}\">\n\t\t\t\t\t\t<div class=\"elementor-container elementor-column-gap-no\">\n\t\t\t\t\t<div class=\"elementor-column elementor-col-100 elementor-top-column elementor-element elementor-element-c34b46a\" data-id=\"c34b46a\" data-element_type=\"column\" data-e-type=\"column\">\n\t\t\t<div class=\"elementor-widget-wrap elementor-element-populated\">\n\t\t\t\t\t\t\t<\/div>\n\t\t<\/div>\n\t\t\t\t\t<\/div>\n\t\t<\/section>\n\t\t\t\t<\/div>\n\t\t","protected":false},"excerpt":{"rendered":"<p>Pite Dobrodo\u0161li u na\u0161u malu manufakturu giros pita, gde svaki zalogaj nosi du\u0161u i strast. Ru\u010dno pravimo svaku pitu s ljubavlju i pa\u017enjom, koriste\u0107i na\u0161e sopstveno pripremljeno giros meso koje odi\u0161e bogatstvom za\u010dina. Svaki ugriz otkriva savr\u0161en sklad hrskavog testa i so\u010dnog mesa, pru\u017eaju\u0107i vam pravu gastro \u010daroliju. Na\u0161a manufaktura je mesto gde se tradicija&#8230;<\/p>\n","protected":false},"author":1,"featured_media":0,"parent":0,"menu_order":0,"comment_status":"closed","ping_status":"closed","template":"","meta":{"ocean_post_layout":"","ocean_both_sidebars_style":"","ocean_both_sidebars_content_width":0,"ocean_both_sidebars_sidebars_width":0,"ocean_sidebar":"0","ocean_second_sidebar":"0","ocean_disable_margins":"enable","ocean_add_body_class":"","ocean_shortcode_before_top_bar":"","ocean_shortcode_after_top_bar":"","ocean_shortcode_before_header":"","ocean_shortcode_after_header":"","ocean_has_shortcode":"","ocean_shortcode_after_title":"","ocean_shortcode_before_footer_widgets":"","ocean_shortcode_after_footer_widgets":"","ocean_shortcode_before_footer_bottom":"","ocean_shortcode_after_footer_bottom":"","ocean_display_top_bar":"default","ocean_display_header":"default","ocean_header_style":"","ocean_center_header_left_menu":"0","ocean_custom_header_template":"0","ocean_custom_logo":0,"ocean_custom_retina_logo":0,"ocean_custom_logo_max_width":0,"ocean_custom_logo_tablet_max_width":0,"ocean_custom_logo_mobile_max_width":0,"ocean_custom_logo_max_height":0,"ocean_custom_logo_tablet_max_height":0,"ocean_custom_logo_mobile_max_height":0,"ocean_header_custom_menu":"0","ocean_menu_typo_font_family":"0","ocean_menu_typo_font_subset":"","ocean_menu_typo_font_size":0,"ocean_menu_typo_font_size_tablet":0,"ocean_menu_typo_font_size_mobile":0,"ocean_menu_typo_font_size_unit":"px","ocean_menu_typo_font_weight":"","ocean_menu_typo_font_weight_tablet":"","ocean_menu_typo_font_weight_mobile":"","ocean_menu_typo_transform":"","ocean_menu_typo_transform_tablet":"","ocean_menu_typo_transform_mobile":"","ocean_menu_typo_line_height":0,"ocean_menu_typo_line_height_tablet":0,"ocean_menu_typo_line_height_mobile":0,"ocean_menu_typo_line_height_unit":"","ocean_menu_typo_spacing":0,"ocean_menu_typo_spacing_tablet":0,"ocean_menu_typo_spacing_mobile":0,"ocean_menu_typo_spacing_unit":"","ocean_menu_link_color":"","ocean_menu_link_color_hover":"","ocean_menu_link_color_active":"","ocean_menu_link_background":"","ocean_menu_link_hover_background":"","ocean_menu_link_active_background":"","ocean_menu_social_links_bg":"","ocean_menu_social_hover_links_bg":"","ocean_menu_social_links_color":"","ocean_menu_social_hover_links_color":"","ocean_disable_title":"default","ocean_disable_heading":"default","ocean_post_title":"","ocean_post_subheading":"","ocean_post_title_style":"","ocean_post_title_background_color":"","ocean_post_title_background":0,"ocean_post_title_bg_image_position":"","ocean_post_title_bg_image_attachment":"","ocean_post_title_bg_image_repeat":"","ocean_post_title_bg_image_size":"","ocean_post_title_height":0,"ocean_post_title_bg_overlay":0.5,"ocean_post_title_bg_overlay_color":"","ocean_disable_breadcrumbs":"default","ocean_breadcrumbs_color":"","ocean_breadcrumbs_separator_color":"","ocean_breadcrumbs_links_color":"","ocean_breadcrumbs_links_hover_color":"","ocean_display_footer_widgets":"default","ocean_display_footer_bottom":"default","ocean_custom_footer_template":"0","footnotes":""},"class_list":["post-1016","page","type-page","status-publish","hentry","entry"],"yoast_head":"<!-- This site is optimized with the Yoast SEO Premium plugin v19.3 (Yoast SEO v26.6) - https:\/\/yoast.com\/wordpress\/plugins\/seo\/ -->\n<title>Na\u0161a manufaktura - Tavernaki<\/title>\n<meta name=\"description\" content=\"Pita giros, pita za giros pripremljena na tradicionalni nacin, sa svezim sastojcima i zacinima ucinice da svaki vas zalogaj bude kao prvi.\" \/>\n<meta name=\"robots\" content=\"index, follow, max-snippet:-1, max-image-preview:large, max-video-preview:-1\" \/>\n<link rel=\"canonical\" href=\"https:\/\/tavernaki.co.rs\/index.php\/fastfood-giros-beograd\/\" \/>\n<meta property=\"og:locale\" content=\"en_US\" \/>\n<meta property=\"og:type\" content=\"article\" \/>\n<meta property=\"og:title\" content=\"Na\u0161a manufaktura\" \/>\n<meta property=\"og:description\" content=\"Pita giros, pita za giros pripremljena na tradicionalni nacin, sa svezim sastojcima i zacinima ucinice da svaki vas zalogaj bude kao prvi.\" \/>\n<meta property=\"og:url\" content=\"https:\/\/tavernaki.co.rs\/index.php\/fastfood-giros-beograd\/\" \/>\n<meta property=\"og:site_name\" content=\"Tavernaki\" \/>\n<meta property=\"article:modified_time\" content=\"2023-07-04T15:51:01+00:00\" \/>\n<meta property=\"og:image\" content=\"https:\/\/tavernaki.co.rs\/wp-content\/uploads\/2023\/04\/Grcka-pita-1-1024x576.jpg\" \/>\n<meta name=\"twitter:card\" content=\"summary_large_image\" \/>\n<meta name=\"twitter:label1\" content=\"Est. reading time\" \/>\n\t<meta name=\"twitter:data1\" content=\"2 minutes\" \/>\n<script type=\"application\/ld+json\" class=\"yoast-schema-graph\">{\"@context\":\"https:\/\/schema.org\",\"@graph\":[{\"@type\":\"WebPage\",\"@id\":\"https:\/\/tavernaki.co.rs\/index.php\/fastfood-giros-beograd\/\",\"url\":\"https:\/\/tavernaki.co.rs\/index.php\/fastfood-giros-beograd\/\",\"name\":\"Na\u0161a manufaktura - Tavernaki\",\"isPartOf\":{\"@id\":\"https:\/\/tavernaki.co.rs\/#website\"},\"primaryImageOfPage\":{\"@id\":\"https:\/\/tavernaki.co.rs\/index.php\/fastfood-giros-beograd\/#primaryimage\"},\"image\":{\"@id\":\"https:\/\/tavernaki.co.rs\/index.php\/fastfood-giros-beograd\/#primaryimage\"},\"thumbnailUrl\":\"https:\/\/tavernaki.co.rs\/wp-content\/uploads\/2023\/04\/Grcka-pita-1-1024x576.jpg\",\"datePublished\":\"2023-04-30T20:59:47+00:00\",\"dateModified\":\"2023-07-04T15:51:01+00:00\",\"description\":\"Pita giros, pita za giros pripremljena na tradicionalni nacin, sa svezim sastojcima i zacinima ucinice da svaki vas zalogaj bude kao prvi.\",\"breadcrumb\":{\"@id\":\"https:\/\/tavernaki.co.rs\/index.php\/fastfood-giros-beograd\/#breadcrumb\"},\"inLanguage\":\"en-US\",\"potentialAction\":[{\"@type\":\"ReadAction\",\"target\":[\"https:\/\/tavernaki.co.rs\/index.php\/fastfood-giros-beograd\/\"]}]},{\"@type\":\"ImageObject\",\"inLanguage\":\"en-US\",\"@id\":\"https:\/\/tavernaki.co.rs\/index.php\/fastfood-giros-beograd\/#primaryimage\",\"url\":\"https:\/\/tavernaki.co.rs\/wp-content\/uploads\/2023\/04\/Grcka-pita-1-scaled.jpg\",\"contentUrl\":\"https:\/\/tavernaki.co.rs\/wp-content\/uploads\/2023\/04\/Grcka-pita-1-scaled.jpg\",\"width\":2560,\"height\":1440,\"caption\":\"galerija grcka pita\"},{\"@type\":\"BreadcrumbList\",\"@id\":\"https:\/\/tavernaki.co.rs\/index.php\/fastfood-giros-beograd\/#breadcrumb\",\"itemListElement\":[{\"@type\":\"ListItem\",\"position\":1,\"name\":\"Home\",\"item\":\"https:\/\/tavernaki.co.rs\/\"},{\"@type\":\"ListItem\",\"position\":2,\"name\":\"Na\u0161a manufaktura\"}]},{\"@type\":\"WebSite\",\"@id\":\"https:\/\/tavernaki.co.rs\/#website\",\"url\":\"https:\/\/tavernaki.co.rs\/\",\"name\":\"Tavernaki tradicionalni gr\u010dki gyros i souvlaki\",\"description\":\"Tradicionalni grcki giros\",\"publisher\":{\"@id\":\"https:\/\/tavernaki.co.rs\/#organization\"},\"potentialAction\":[{\"@type\":\"SearchAction\",\"target\":{\"@type\":\"EntryPoint\",\"urlTemplate\":\"https:\/\/tavernaki.co.rs\/?s={search_term_string}\"},\"query-input\":{\"@type\":\"PropertyValueSpecification\",\"valueRequired\":true,\"valueName\":\"search_term_string\"}}],\"inLanguage\":\"en-US\"},{\"@type\":\"Organization\",\"@id\":\"https:\/\/tavernaki.co.rs\/#organization\",\"name\":\"Tavernaki\",\"url\":\"https:\/\/tavernaki.co.rs\/\",\"logo\":{\"@type\":\"ImageObject\",\"inLanguage\":\"en-US\",\"@id\":\"https:\/\/tavernaki.co.rs\/#\/schema\/logo\/image\/\",\"url\":\"https:\/\/tavernaki.co.rs\/wp-content\/uploads\/2024\/04\/Logo5.png\",\"contentUrl\":\"https:\/\/tavernaki.co.rs\/wp-content\/uploads\/2024\/04\/Logo5.png\",\"width\":900,\"height\":900,\"caption\":\"Tavernaki\"},\"image\":{\"@id\":\"https:\/\/tavernaki.co.rs\/#\/schema\/logo\/image\/\"}}]}<\/script>\n<!-- \/ Yoast SEO Premium plugin. -->","yoast_head_json":{"title":"Na\u0161a manufaktura - Tavernaki","description":"Pita giros, pita za giros pripremljena na tradicionalni nacin, sa svezim sastojcima i zacinima ucinice da svaki vas zalogaj bude kao prvi.","robots":{"index":"index","follow":"follow","max-snippet":"max-snippet:-1","max-image-preview":"max-image-preview:large","max-video-preview":"max-video-preview:-1"},"canonical":"https:\/\/tavernaki.co.rs\/index.php\/fastfood-giros-beograd\/","og_locale":"en_US","og_type":"article","og_title":"Na\u0161a manufaktura","og_description":"Pita giros, pita za giros pripremljena na tradicionalni nacin, sa svezim sastojcima i zacinima ucinice da svaki vas zalogaj bude kao prvi.","og_url":"https:\/\/tavernaki.co.rs\/index.php\/fastfood-giros-beograd\/","og_site_name":"Tavernaki","article_modified_time":"2023-07-04T15:51:01+00:00","og_image":[{"url":"https:\/\/tavernaki.co.rs\/wp-content\/uploads\/2023\/04\/Grcka-pita-1-1024x576.jpg","type":"","width":"","height":""}],"twitter_card":"summary_large_image","twitter_misc":{"Est. reading time":"2 minutes"},"schema":{"@context":"https:\/\/schema.org","@graph":[{"@type":"WebPage","@id":"https:\/\/tavernaki.co.rs\/index.php\/fastfood-giros-beograd\/","url":"https:\/\/tavernaki.co.rs\/index.php\/fastfood-giros-beograd\/","name":"Na\u0161a manufaktura - Tavernaki","isPartOf":{"@id":"https:\/\/tavernaki.co.rs\/#website"},"primaryImageOfPage":{"@id":"https:\/\/tavernaki.co.rs\/index.php\/fastfood-giros-beograd\/#primaryimage"},"image":{"@id":"https:\/\/tavernaki.co.rs\/index.php\/fastfood-giros-beograd\/#primaryimage"},"thumbnailUrl":"https:\/\/tavernaki.co.rs\/wp-content\/uploads\/2023\/04\/Grcka-pita-1-1024x576.jpg","datePublished":"2023-04-30T20:59:47+00:00","dateModified":"2023-07-04T15:51:01+00:00","description":"Pita giros, pita za giros pripremljena na tradicionalni nacin, sa svezim sastojcima i zacinima ucinice da svaki vas zalogaj bude kao prvi.","breadcrumb":{"@id":"https:\/\/tavernaki.co.rs\/index.php\/fastfood-giros-beograd\/#breadcrumb"},"inLanguage":"en-US","potentialAction":[{"@type":"ReadAction","target":["https:\/\/tavernaki.co.rs\/index.php\/fastfood-giros-beograd\/"]}]},{"@type":"ImageObject","inLanguage":"en-US","@id":"https:\/\/tavernaki.co.rs\/index.php\/fastfood-giros-beograd\/#primaryimage","url":"https:\/\/tavernaki.co.rs\/wp-content\/uploads\/2023\/04\/Grcka-pita-1-scaled.jpg","contentUrl":"https:\/\/tavernaki.co.rs\/wp-content\/uploads\/2023\/04\/Grcka-pita-1-scaled.jpg","width":2560,"height":1440,"caption":"galerija grcka pita"},{"@type":"BreadcrumbList","@id":"https:\/\/tavernaki.co.rs\/index.php\/fastfood-giros-beograd\/#breadcrumb","itemListElement":[{"@type":"ListItem","position":1,"name":"Home","item":"https:\/\/tavernaki.co.rs\/"},{"@type":"ListItem","position":2,"name":"Na\u0161a manufaktura"}]},{"@type":"WebSite","@id":"https:\/\/tavernaki.co.rs\/#website","url":"https:\/\/tavernaki.co.rs\/","name":"Tavernaki tradicionalni gr\u010dki gyros i souvlaki","description":"Tradicionalni grcki giros","publisher":{"@id":"https:\/\/tavernaki.co.rs\/#organization"},"potentialAction":[{"@type":"SearchAction","target":{"@type":"EntryPoint","urlTemplate":"https:\/\/tavernaki.co.rs\/?s={search_term_string}"},"query-input":{"@type":"PropertyValueSpecification","valueRequired":true,"valueName":"search_term_string"}}],"inLanguage":"en-US"},{"@type":"Organization","@id":"https:\/\/tavernaki.co.rs\/#organization","name":"Tavernaki","url":"https:\/\/tavernaki.co.rs\/","logo":{"@type":"ImageObject","inLanguage":"en-US","@id":"https:\/\/tavernaki.co.rs\/#\/schema\/logo\/image\/","url":"https:\/\/tavernaki.co.rs\/wp-content\/uploads\/2024\/04\/Logo5.png","contentUrl":"https:\/\/tavernaki.co.rs\/wp-content\/uploads\/2024\/04\/Logo5.png","width":900,"height":900,"caption":"Tavernaki"},"image":{"@id":"https:\/\/tavernaki.co.rs\/#\/schema\/logo\/image\/"}}]}},"_links":{"self":[{"href":"https:\/\/tavernaki.co.rs\/index.php\/wp-json\/wp\/v2\/pages\/1016","targetHints":{"allow":["GET"]}}],"collection":[{"href":"https:\/\/tavernaki.co.rs\/index.php\/wp-json\/wp\/v2\/pages"}],"about":[{"href":"https:\/\/tavernaki.co.rs\/index.php\/wp-json\/wp\/v2\/types\/page"}],"author":[{"embeddable":true,"href":"https:\/\/tavernaki.co.rs\/index.php\/wp-json\/wp\/v2\/users\/1"}],"replies":[{"embeddable":true,"href":"https:\/\/tavernaki.co.rs\/index.php\/wp-json\/wp\/v2\/comments?post=1016"}],"version-history":[{"count":19,"href":"https:\/\/tavernaki.co.rs\/index.php\/wp-json\/wp\/v2\/pages\/1016\/revisions"}],"predecessor-version":[{"id":1676,"href":"https:\/\/tavernaki.co.rs\/index.php\/wp-json\/wp\/v2\/pages\/1016\/revisions\/1676"}],"wp:attachment":[{"href":"https:\/\/tavernaki.co.rs\/index.php\/wp-json\/wp\/v2\/media?parent=1016"}],"curies":[{"name":"wp","href":"https:\/\/api.w.org\/{rel}","templated":true}]}}